{"id":124,"date":"2025-08-26T07:52:50","date_gmt":"2025-08-26T07:52:50","guid":{"rendered":"https:\/\/siri-thaimassage-buchholz.de\/?page_id=124"},"modified":"2025-09-09T08:37:57","modified_gmt":"2025-09-09T08:37:57","slug":"ueber-mich","status":"publish","type":"page","link":"https:\/\/siri-thaimassage-buchholz.de\/index.php\/ueber-mich\/","title":{"rendered":"\u00dcber mich"},"content":{"rendered":"<p>[et_pb_section fb_built=&#8220;1&#8243; _builder_version=&#8220;4.27.4&#8243; _module_preset=&#8220;default&#8220; global_colors_info=&#8220;{}&#8220;][et_pb_row column_structure=&#8220;1_2,1_2&#8243; _builder_version=&#8220;4.27.4&#8243; _module_preset=&#8220;default&#8220; global_colors_info=&#8220;{}&#8220;][et_pb_column type=&#8220;1_2&#8243; _builder_version=&#8220;4.27.4&#8243; _module_preset=&#8220;default&#8220; global_colors_info=&#8220;{}&#8220;][et_pb_image src=&#8220;https:\/\/siri-thaimassage-buchholz.de\/wp-content\/uploads\/2025\/08\/siri.jpg&#8220; title_text=&#8220;siri&#8220; _builder_version=&#8220;4.27.4&#8243; _module_preset=&#8220;default&#8220; global_colors_info=&#8220;{}&#8220;][\/et_pb_image][\/et_pb_column][et_pb_column type=&#8220;1_2&#8243; _builder_version=&#8220;4.27.4&#8243; _module_preset=&#8220;default&#8220; global_colors_info=&#8220;{}&#8220;][et_pb_text _builder_version=&#8220;4.27.4&#8243; _module_preset=&#8220;default&#8220; hover_enabled=&#8220;0&#8243; global_colors_info=&#8220;{}&#8220; sticky_enabled=&#8220;0&#8243;]<\/p>\n<h2><span>Sawasdee Kha<\/span><\/h2>\n<p>&nbsp;<\/p>\n<p>Ich bin Siri aus Thailand.<\/p>\n<p>In Thailand habe ich eine einj\u00e4hrige Ausbildung zur Masseurin gemacht und dort die traditionellen Thail\u00e4ndischen Massagetechniken erlernt.<\/p>\n<p>\u00a0Danach habe ich 15 Jahre als Masseurin in Thailand und Deutschland gearbeitet.<\/p>\n<p>Vor einem Jahr bin ich zu meinem Mann nach Buchholz gezogen und habe mich jetzt in Buchholz, mit einem Massagesalon, selbstst\u00e4ndig gemacht.<\/p>\n<p>Ich freue mich auf Ihren Besuch<br \/>zu einer Massage in meinem Salon<\/p>\n<p><em>aus meiner Hand und von meinem Herzen&#8230;<\/em><\/p>\n<p>[\/et_pb_text][\/et_pb_column][\/et_pb_row][\/et_pb_section][et_pb_section fb_built=&#8220;1&#8243; _builder_version=&#8220;4.27.4&#8243; _module_preset=&#8220;default&#8220; global_colors_info=&#8220;{}&#8220;][et_pb_row column_structure=&#8220;1_2,1_2&#8243; _builder_version=&#8220;4.27.4&#8243; _module_preset=&#8220;default&#8220; global_colors_info=&#8220;{}&#8220;][et_pb_column type=&#8220;1_2&#8243; _builder_version=&#8220;4.27.4&#8243; _module_preset=&#8220;default&#8220; global_colors_info=&#8220;{}&#8220;][et_pb_text _builder_version=&#8220;4.27.4&#8243; _module_preset=&#8220;default&#8220; global_colors_info=&#8220;{}&#8220;]<\/p>\n<p data-start=\"137\" data-end=\"643\">Meine Massagepraxis l\u00e4dt Sie ein, in eine Oase der Ruhe und Entspannung einzutauchen. Die Bilder geben Ihnen einen ersten Eindruck von der harmonischen Atmosph\u00e4re, die Sie bei uns erwartet. Helle, freundliche R\u00e4ume mit liebevoll ausgew\u00e4hlten Details schaffen eine Umgebung, in der K\u00f6rper und Geist gleicherma\u00dfen zur Ruhe kommen k\u00f6nnen. Sanfte Farben, angenehmes Licht und eine stilvolle Einrichtung vermitteln Geborgenheit und Wohlbefinden \u2013 die perfekte Grundlage f\u00fcr eine erholsame Auszeit vom Alltag.<\/p>\n<p data-start=\"645\" data-end=\"1061\">Die Praxisr\u00e4ume sind so gestaltet, dass Sie sich vom ersten Moment an willkommen und umsorgt f\u00fchlen. Jedes Detail \u2013 von den bequemen Liegen \u00fcber hochwertige \u00d6le bis hin zu beruhigender Musik \u2013 unterst\u00fctzt das Ziel, Ihnen eine wohltuende und nachhaltige Massageerfahrung zu bieten. Lassen Sie sich von den Bildern inspirieren und freuen Sie sich auf eine Atmosph\u00e4re, in der Ihr Wohlbefinden im Mittelpunkt steht.<\/p>\n<p>[\/et_pb_text][\/et_pb_column][et_pb_column type=&#8220;1_2&#8243; _builder_version=&#8220;4.27.4&#8243; _module_preset=&#8220;default&#8220; global_colors_info=&#8220;{}&#8220;][et_pb_image src=&#8220;https:\/\/siri-thaimassage-buchholz.de\/wp-content\/uploads\/2025\/08\/siri-praxis-innen.jpg&#8220; title_text=&#8220;siri-praxis-innen&#8220; _builder_version=&#8220;4.27.4&#8243; _module_preset=&#8220;default&#8220; global_colors_info=&#8220;{}&#8220;][\/et_pb_image][et_pb_image src=&#8220;https:\/\/siri-thaimassage-buchholz.de\/wp-content\/uploads\/2025\/08\/siri-praxis-aussen.jpg&#8220; title_text=&#8220;siri-praxis-aussen&#8220; _builder_version=&#8220;4.27.4&#8243; _module_preset=&#8220;default&#8220; global_colors_info=&#8220;{}&#8220;][\/et_pb_image][\/et_pb_column][\/et_pb_row][\/et_pb_section][et_pb_section fb_built=&#8220;1&#8243; _builder_version=&#8220;4.27.4&#8243; _module_preset=&#8220;default&#8220; background_image=&#8220;https:\/\/siri-thaimassage-buchholz.de\/wp-content\/uploads\/2025\/08\/siri-hintergrund-scaled.jpg&#8220; parallax=&#8220;on&#8220; custom_padding=&#8220;119px||88px|||&#8220; global_colors_info=&#8220;{}&#8220;][et_pb_row _builder_version=&#8220;4.27.4&#8243; _module_preset=&#8220;default&#8220; global_colors_info=&#8220;{}&#8220;][et_pb_column type=&#8220;4_4&#8243; _builder_version=&#8220;4.27.4&#8243; _module_preset=&#8220;default&#8220; global_colors_info=&#8220;{}&#8220;][et_pb_text _builder_version=&#8220;4.27.4&#8243; _module_preset=&#8220;default&#8220; header_font=&#8220;Lato|700|||||||&#8220; header_text_color=&#8220;#FFFFFF&#8220; header_text_shadow_style=&#8220;preset1&#8243; global_colors_info=&#8220;{}&#8220;]<\/p>\n<h1>Entspannung ist der Schl\u00fcssel zu neuer Energie.<\/h1>\n<p>[\/et_pb_text][\/et_pb_column][\/et_pb_row][\/et_pb_section]<\/p>\n","protected":false},"excerpt":{"rendered":"<p>Sawasdee Kha &nbsp; Ich bin Siri aus Thailand. In Thailand habe ich eine einj\u00e4hrige Ausbildung zur Masseurin gemacht und dort die traditionellen Thail\u00e4ndischen Massagetechniken erlernt. \u00a0Danach habe ich 15 Jahre als Masseurin in Thailand und Deutschland gearbeitet. Vor einem Jahr bin ich zu meinem Mann nach Buchholz gezogen und habe mich jetzt in Buchholz, mit [&hellip;]<\/p>\n","protected":false},"author":1,"featured_media":0,"parent":0,"menu_order":0,"comment_status":"closed","ping_status":"closed","template":"","meta":{"_et_pb_use_builder":"on","_et_pb_old_content":"","_et_gb_content_width":"","footnotes":""},"class_list":["post-124","page","type-page","status-publish","hentry"],"_links":{"self":[{"href":"https:\/\/siri-thaimassage-buchholz.de\/index.php\/wp-json\/wp\/v2\/pages\/124","targetHints":{"allow":["GET"]}}],"collection":[{"href":"https:\/\/siri-thaimassage-buchholz.de\/index.php\/wp-json\/wp\/v2\/pages"}],"about":[{"href":"https:\/\/siri-thaimassage-buchholz.de\/index.php\/wp-json\/wp\/v2\/types\/page"}],"author":[{"embeddable":true,"href":"https:\/\/siri-thaimassage-buchholz.de\/index.php\/wp-json\/wp\/v2\/users\/1"}],"replies":[{"embeddable":true,"href":"https:\/\/siri-thaimassage-buchholz.de\/index.php\/wp-json\/wp\/v2\/comments?post=124"}],"version-history":[{"count":6,"href":"https:\/\/siri-thaimassage-buchholz.de\/index.php\/wp-json\/wp\/v2\/pages\/124\/revisions"}],"predecessor-version":[{"id":184,"href":"https:\/\/siri-thaimassage-buchholz.de\/index.php\/wp-json\/wp\/v2\/pages\/124\/revisions\/184"}],"wp:attachment":[{"href":"https:\/\/siri-thaimassage-buchholz.de\/index.php\/wp-json\/wp\/v2\/media?parent=124"}],"curies":[{"name":"wp","href":"https:\/\/api.w.org\/{rel}","templated":true}]}}