{"id":8,"date":"2025-08-20T11:41:02","date_gmt":"2025-08-20T11:41:02","guid":{"rendered":"https:\/\/siri-thaimassage-buchholz.de\/?page_id=8"},"modified":"2025-09-18T07:53:40","modified_gmt":"2025-09-18T07:53:40","slug":"startseite","status":"publish","type":"page","link":"https:\/\/siri-thaimassage-buchholz.de\/","title":{"rendered":"Startseite"},"content":{"rendered":"<p>[et_pb_section fb_built=&#8220;1&#8243; _builder_version=&#8220;4.27.4&#8243; _module_preset=&#8220;default&#8220; background_image=&#8220;https:\/\/siri-thaimassage-buchholz.de\/wp-content\/uploads\/2025\/09\/shutterstock_603999287_web_titel.jpg&#8220; custom_padding=&#8220;||9px|||&#8220; global_colors_info=&#8220;{}&#8220;][et_pb_row _builder_version=&#8220;4.27.4&#8243; _module_preset=&#8220;default&#8220; global_colors_info=&#8220;{}&#8220;][et_pb_column type=&#8220;4_4&#8243; _builder_version=&#8220;4.27.4&#8243; _module_preset=&#8220;default&#8220; global_colors_info=&#8220;{}&#8220;][et_pb_text _builder_version=&#8220;4.27.4&#8243; _module_preset=&#8220;default&#8220; header_font=&#8220;Lato|700||on|||||&#8220; header_text_color=&#8220;#FFFFFF&#8220; header_font_size=&#8220;51px&#8220; header_line_height=&#8220;1.2em&#8220; custom_margin=&#8220;315px|||||&#8220; custom_margin_tablet=&#8220;215px|||||&#8220; custom_margin_phone=&#8220;-13px||||false|false&#8220; custom_margin_last_edited=&#8220;on|phone&#8220; header_text_color_tablet=&#8220;#FFFFFF&#8220; header_text_color_phone=&#8220;#FFFFFF&#8220; header_text_color_last_edited=&#8220;on|phone&#8220; header_font_size_tablet=&#8220;51px&#8220; header_font_size_phone=&#8220;34px&#8220; header_font_size_last_edited=&#8220;on|tablet&#8220; header_text_shadow_style=&#8220;preset5&#8243; global_colors_info=&#8220;{}&#8220;]<\/p>\n<h1>Die Massage kommt nicht nur von der Hand, sondern auch vom Herzen.<\/h1>\n<p>[\/et_pb_text][\/et_pb_column][\/et_pb_row][\/et_pb_section][et_pb_section fb_built=&#8220;1&#8243; _builder_version=&#8220;4.27.4&#8243; _module_preset=&#8220;default&#8220; custom_margin=&#8220;||80px|||&#8220; global_colors_info=&#8220;{}&#8220;][et_pb_row _builder_version=&#8220;4.27.4&#8243; _module_preset=&#8220;default&#8220; global_colors_info=&#8220;{}&#8220;][et_pb_column type=&#8220;4_4&#8243; _builder_version=&#8220;4.27.4&#8243; _module_preset=&#8220;default&#8220; global_colors_info=&#8220;{}&#8220;][et_pb_text _builder_version=&#8220;4.27.4&#8243; _module_preset=&#8220;default&#8220; global_colors_info=&#8220;{}&#8220;]<\/p>\n<p>Die Behandlug de K\u00f6rpers mit Massagen ist eine alte Tradition, die bis heute weiterlebt. Studien belegen, dass Massage eine wirksame Behandlung von Schmerzen, sogar zur Entspannung ist. Die thai-Massage ist eine Kombination aus Yoga, Dehnung und Akupressur und arbeitet mit den Energielinien des K\u00f6rpers. Die \u00d6lmassage ist eine entspannendere Form der Massage. Es werden geruchlose \u00d6le oder Aroma\u00f6le verwendet. Wir arbeiten mit ruhigen Bewegungen am ganzen K\u00f6rper, mit mehr Fokus auf Muskelknetung und Entspannung.<\/p>\n<p>[\/et_pb_text][\/et_pb_column][\/et_pb_row][\/et_pb_section][et_pb_section fb_built=&#8220;1&#8243; _builder_version=&#8220;4.27.4&#8243; _module_preset=&#8220;default&#8220; custom_margin_tablet=&#8220;&#8220; custom_margin_phone=&#8220;-143px||||false|false&#8220; custom_margin_last_edited=&#8220;on|phone&#8220; global_colors_info=&#8220;{}&#8220;][et_pb_row column_structure=&#8220;1_2,1_2&#8243; module_id=&#8220;Oel-Massage&#8220; _builder_version=&#8220;4.27.4&#8243; _module_preset=&#8220;default&#8220; global_colors_info=&#8220;{}&#8220;][et_pb_column type=&#8220;1_2&#8243; _builder_version=&#8220;4.27.4&#8243; _module_preset=&#8220;default&#8220; global_colors_info=&#8220;{}&#8220;][et_pb_image src=&#8220;https:\/\/siri-thaimassage-buchholz.de\/wp-content\/uploads\/2025\/09\/siri-oelmassage.jpg&#8220; title_text=&#8220;siri-oelmassage&#8220; _builder_version=&#8220;4.27.4&#8243; _module_preset=&#8220;default&#8220; hover_enabled=&#8220;0&#8243; global_colors_info=&#8220;{}&#8220; sticky_enabled=&#8220;0&#8243;][\/et_pb_image][\/et_pb_column][et_pb_column type=&#8220;1_2&#8243; _builder_version=&#8220;4.27.4&#8243; _module_preset=&#8220;default&#8220; global_colors_info=&#8220;{}&#8220;][et_pb_text _builder_version=&#8220;4.27.4&#8243; _module_preset=&#8220;default&#8220; global_colors_info=&#8220;{}&#8220;]<\/p>\n<h2>\u00d6l-Massage<\/h2>\n<p>[\/et_pb_text][et_pb_text _builder_version=&#8220;4.27.4&#8243; _module_preset=&#8220;default&#8220; min_height=&#8220;274.8px&#8220; custom_margin=&#8220;-17px|||||&#8220; global_colors_info=&#8220;{}&#8220;]<\/p>\n<p>Die \u00d6lmassage ist eine wohltuende Form der Entspannung, die K\u00f6rper und Geist in Einklang bringt. Mit sanften, flie\u00dfenden Bewegungen und warmem \u00d6l wird die Muskulatur gelockert, Verspannungen gel\u00f6st und die Durchblutung gef\u00f6rdert. Die pflegenden \u00d6le n\u00e4hren gleichzeitig die Haut und hinterlassen ein geschmeidiges, angenehmes Gef\u00fchl. Diese traditionelle Massageform hilft, Stress abzubauen, innere Ruhe zu finden und neue Energie zu tanken. Ob als kleine Auszeit vom Alltag oder als bewusste Pflege f\u00fcr das eigene Wohlbefinden \u2013 eine \u00d6lmassage schenkt Ihnen Harmonie, Vitalit\u00e4t und tiefgehende Entspannung. G\u00f6nnen Sie sich diese besondere Erfahrung.<\/p>\n<p>[\/et_pb_text][\/et_pb_column][\/et_pb_row][\/et_pb_section][et_pb_section fb_built=&#8220;1&#8243; _builder_version=&#8220;4.27.4&#8243; _module_preset=&#8220;default&#8220; global_colors_info=&#8220;{}&#8220;][et_pb_row column_structure=&#8220;1_2,1_2&#8243; module_id=&#8220;TraditionelleThaimassage&#8220; _builder_version=&#8220;4.27.4&#8243; _module_preset=&#8220;default&#8220; global_colors_info=&#8220;{}&#8220;][et_pb_column type=&#8220;1_2&#8243; _builder_version=&#8220;4.27.4&#8243; _module_preset=&#8220;default&#8220; global_colors_info=&#8220;{}&#8220;][et_pb_text _builder_version=&#8220;4.27.4&#8243; _module_preset=&#8220;default&#8220; global_colors_info=&#8220;{}&#8220;]<\/p>\n<h2>Traditionelle Thaimassage<br \/>(ohne \u00d6l)<\/h2>\n<p>[\/et_pb_text][et_pb_text _builder_version=&#8220;4.27.4&#8243; _module_preset=&#8220;default&#8220; custom_margin=&#8220;-18px|||||&#8220; global_colors_info=&#8220;{}&#8220;]<\/p>\n<p data-start=\"182\" data-end=\"531\">Die traditionelle Thaimassage ist eine jahrhundertealte Heilkunst, die ganz ohne \u00d6l angewendet wird. Mit sanftem Druck, rhythmischen Bewegungen und gezielten Dehnungen werden Energiebahnen aktiviert und Blockaden gel\u00f6st. Diese besondere Technik verbessert die Beweglichkeit, f\u00f6rdert die Durchblutung und hilft, Verspannungen nachhaltig zu lindern.<\/p>\n<p data-start=\"533\" data-end=\"832\">Im Gegensatz zu klassischen Wellnessmassagen wirkt die Thaimassage tiefgreifend auf K\u00f6rper und Geist: Sie schenkt innere Ruhe, steigert das Wohlbefinden und unterst\u00fctzt die nat\u00fcrliche Balance. Ideal f\u00fcr alle, die neue Energie tanken, Stress abbauen und sich wieder leicht und vital f\u00fchlen m\u00f6chten.<\/p>\n<p>[\/et_pb_text][\/et_pb_column][et_pb_column type=&#8220;1_2&#8243; _builder_version=&#8220;4.27.4&#8243; _module_preset=&#8220;default&#8220; global_colors_info=&#8220;{}&#8220;][et_pb_image src=&#8220;https:\/\/siri-thaimassage-buchholz.de\/wp-content\/uploads\/2025\/09\/shutterstock_1355258927_web.jpg&#8220; title_text=&#8220;shutterstock_1355258927_web&#8220; _builder_version=&#8220;4.27.4&#8243; _module_preset=&#8220;default&#8220; global_colors_info=&#8220;{}&#8220;][\/et_pb_image][\/et_pb_column][\/et_pb_row][\/et_pb_section][et_pb_section fb_built=&#8220;1&#8243; _builder_version=&#8220;4.27.4&#8243; _module_preset=&#8220;default&#8220; background_image=&#8220;https:\/\/siri-thaimassage-buchholz.de\/wp-content\/uploads\/2025\/08\/siri-hintergrund-scaled.jpg&#8220; parallax=&#8220;on&#8220; custom_padding=&#8220;100px||83px|||&#8220; global_colors_info=&#8220;{}&#8220;][et_pb_row _builder_version=&#8220;4.27.4&#8243; _module_preset=&#8220;default&#8220; custom_padding=&#8220;0px|||||&#8220; global_colors_info=&#8220;{}&#8220;][et_pb_column type=&#8220;4_4&#8243; _builder_version=&#8220;4.27.4&#8243; _module_preset=&#8220;default&#8220; global_colors_info=&#8220;{}&#8220;][et_pb_text _builder_version=&#8220;4.27.4&#8243; _module_preset=&#8220;default&#8220; header_font=&#8220;Lato|700|||||||&#8220; header_text_color=&#8220;#006633&#8243; header_font_size=&#8220;40px&#8220; header_line_height=&#8220;1.2em&#8220; header_text_shadow_style=&#8220;preset4&#8243; global_colors_info=&#8220;{}&#8220;]<\/p>\n<h1><span style=\"color: #ffffff;\">Lassen Sie los, finden Sie Ruhe und tanken Sie neue Energie.<\/span><\/h1>\n<p>[\/et_pb_text][\/et_pb_column][\/et_pb_row][\/et_pb_section][et_pb_section fb_built=&#8220;1&#8243; _builder_version=&#8220;4.27.4&#8243; _module_preset=&#8220;default&#8220; global_colors_info=&#8220;{}&#8220;][et_pb_row column_structure=&#8220;1_2,1_2&#8243; module_id=&#8220;fussmassage&#8220; _builder_version=&#8220;4.27.4&#8243; _module_preset=&#8220;default&#8220; global_colors_info=&#8220;{}&#8220;][et_pb_column type=&#8220;1_2&#8243; _builder_version=&#8220;4.27.4&#8243; _module_preset=&#8220;default&#8220; global_colors_info=&#8220;{}&#8220;][et_pb_image src=&#8220;https:\/\/siri-thaimassage-buchholz.de\/wp-content\/uploads\/2025\/09\/iStock-481039539_web.jpg&#8220; title_text=&#8220;iStock-481039539_web&#8220; _builder_version=&#8220;4.27.4&#8243; _module_preset=&#8220;default&#8220; global_colors_info=&#8220;{}&#8220;][\/et_pb_image][\/et_pb_column][et_pb_column type=&#8220;1_2&#8243; _builder_version=&#8220;4.27.4&#8243; _module_preset=&#8220;default&#8220; global_colors_info=&#8220;{}&#8220;][et_pb_text _builder_version=&#8220;4.27.4&#8243; _module_preset=&#8220;default&#8220; global_colors_info=&#8220;{}&#8220;]<\/p>\n<h2>Fu\u00dfmassage<\/h2>\n<p>[\/et_pb_text][et_pb_text _builder_version=&#8220;4.27.4&#8243; _module_preset=&#8220;default&#8220; min_height=&#8220;284.6px&#8220; custom_margin=&#8220;-15px|||||&#8220; global_colors_info=&#8220;{}&#8220;]<\/p>\n<p>Die Fu\u00dfmassage ist ein fester Bestandteil der traditionellen Thaimassage und eine besonders wohltuende Behandlung f\u00fcr K\u00f6rper und Geist. Durch gezielten Druck auf bestimmte Reflexzonen der F\u00fc\u00dfe werden nicht nur die Muskeln entspannt, sondern auch innere Organe positiv beeinflusst. Blockaden k\u00f6nnen gel\u00f6st, die Durchblutung angeregt und das allgemeine Wohlbefinden gesteigert werden. Gerade nach einem langen Tag wirkt die Fu\u00dfmassage erfrischend, belebend und zugleich tief entspannend. Sie schenkt neue Energie, Leichtigkeit und das Gef\u00fchl von innerer Balance. G\u00f6nnen Sie Ihren F\u00fc\u00dfen die Aufmerksamkeit, die sie verdienen \u2013 und genie\u00dfen Sie diese kleine Auszeit.<\/p>\n<p>[\/et_pb_text][\/et_pb_column][\/et_pb_row][\/et_pb_section][et_pb_section fb_built=&#8220;1&#8243; _builder_version=&#8220;4.27.4&#8243; _module_preset=&#8220;default&#8220; global_colors_info=&#8220;{}&#8220;][et_pb_row column_structure=&#8220;1_2,1_2&#8243; module_id=&#8220;Ruecken-Massage&#8220; _builder_version=&#8220;4.27.4&#8243; _module_preset=&#8220;default&#8220; global_colors_info=&#8220;{}&#8220;][et_pb_column type=&#8220;1_2&#8243; _builder_version=&#8220;4.27.4&#8243; _module_preset=&#8220;default&#8220; global_colors_info=&#8220;{}&#8220;][et_pb_text _builder_version=&#8220;4.27.4&#8243; _module_preset=&#8220;default&#8220; global_colors_info=&#8220;{}&#8220;]<\/p>\n<h2>Thai &#8211; Deep &#8211; Tissue Massage<br \/>(mit \u00d6l)<\/h2>\n<p>[\/et_pb_text][et_pb_text _builder_version=&#8220;4.27.4&#8243; _module_preset=&#8220;default&#8220; custom_margin=&#8220;-17px|||||&#8220; global_colors_info=&#8220;{}&#8220;]<\/p>\n<p data-start=\"110\" data-end=\"393\">Unsere Thai Deep Tissue Massage mit \u00d6l verbindet die jahrhundertealte Tradition der thail\u00e4ndischen Massagetechniken mit modernen Methoden der Tiefengewebsmassage. Sie eignet sich besonders f\u00fcr Menschen, die unter muskul\u00e4ren Verspannungen, Stress oder k\u00f6rperlicher Belastung leiden.<\/p>\n<p data-start=\"395\" data-end=\"751\">Durch den Einsatz von langsamen, intensiven Druckbewegungen und gezielten Griffen wird tief in die Muskulatur eingearbeitet. Verklebungen im Gewebe werden gel\u00f6st, die Durchblutung gef\u00f6rdert und die nat\u00fcrliche Beweglichkeit wiederhergestellt. Erg\u00e4nzt wird die Behandlung durch warmes Massage\u00f6l, das die Haut pflegt und die Entspannung zus\u00e4tzlich vertieft.<\/p>\n<p data-start=\"753\" data-end=\"964\">Diese Massage wirkt nicht nur auf k\u00f6rperlicher Ebene, sondern schenkt auch innere Ruhe und Ausgeglichenheit. Sie hilft, Stress abzubauen, neue Energie zu tanken und ein harmonisches K\u00f6rpergef\u00fchl zu entwickeln.<\/p>\n<p data-start=\"966\" data-end=\"1081\">G\u00f6nnen Sie sich eine Auszeit f\u00fcr K\u00f6rper und Geist \u2013 sp\u00fcren Sie die wohltuende Kraft der Thai Deep Tissue Massage.<\/p>\n<p>[\/et_pb_text][\/et_pb_column][et_pb_column type=&#8220;1_2&#8243; _builder_version=&#8220;4.27.4&#8243; _module_preset=&#8220;default&#8220; global_colors_info=&#8220;{}&#8220;][et_pb_image src=&#8220;https:\/\/siri-thaimassage-buchholz.de\/wp-content\/uploads\/2025\/09\/siri-massage.jpg&#8220; title_text=&#8220;siri-massage&#8220; _builder_version=&#8220;4.27.4&#8243; _module_preset=&#8220;default&#8220; hover_enabled=&#8220;0&#8243; global_colors_info=&#8220;{}&#8220; sticky_enabled=&#8220;0&#8243;][\/et_pb_image][\/et_pb_column][\/et_pb_row][\/et_pb_section][et_pb_section fb_built=&#8220;1&#8243; _builder_version=&#8220;4.27.4&#8243; _module_preset=&#8220;default&#8220; custom_padding=&#8220;||100px|||&#8220; global_colors_info=&#8220;{}&#8220;][et_pb_row column_structure=&#8220;1_2,1_2&#8243; module_id=&#8220;Migraene-Massage&#8220; _builder_version=&#8220;4.27.4&#8243; _module_preset=&#8220;default&#8220; global_colors_info=&#8220;{}&#8220;][et_pb_column type=&#8220;1_2&#8243; _builder_version=&#8220;4.27.4&#8243; _module_preset=&#8220;default&#8220; global_colors_info=&#8220;{}&#8220;][et_pb_image src=&#8220;https:\/\/siri-thaimassage-buchholz.de\/wp-content\/uploads\/2025\/09\/iStock-515784406_web.jpg&#8220; title_text=&#8220;iStock-515784406_web&#8220; _builder_version=&#8220;4.27.4&#8243; _module_preset=&#8220;default&#8220; global_colors_info=&#8220;{}&#8220;][\/et_pb_image][\/et_pb_column][et_pb_column type=&#8220;1_2&#8243; _builder_version=&#8220;4.27.4&#8243; _module_preset=&#8220;default&#8220; global_colors_info=&#8220;{}&#8220;][et_pb_text _builder_version=&#8220;4.27.4&#8243; _module_preset=&#8220;default&#8220; global_colors_info=&#8220;{}&#8220;]<\/p>\n<h2>Migr\u00e4ne-Massage<\/h2>\n<p>[\/et_pb_text][et_pb_text _builder_version=&#8220;4.27.4&#8243; _module_preset=&#8220;default&#8220; custom_margin=&#8220;-17px|||||&#8220; global_colors_info=&#8220;{}&#8220;]<\/p>\n<p>Die Migr\u00e4ne-Massage ist eine sanfte, aber wirkungsvolle Methode, um Kopfschmerzen und Migr\u00e4nebeschwerden zu lindern. Durch gezielten Druck auf Kopf-, Nacken- und Schulterbereiche werden Verspannungen gel\u00f6st, die Durchblutung verbessert und Stress reduziert \u2013 h\u00e4ufige Ausl\u00f6ser von Kopfschmerzen. Diese spezielle Massage wirkt beruhigend auf das Nervensystem, f\u00f6rdert die Entspannung und kann so Anf\u00e4llen vorbeugen oder deren Intensit\u00e4t mindern. Viele Kunden berichten von einer sp\u00fcrbaren Erleichterung und einem klareren, leichteren Kopfgef\u00fchl. G\u00f6nnen Sie sich diese wohltuende Behandlung und entdecken Sie, wie eine Migr\u00e4ne-Massage zu mehr Wohlbefinden und neuer Lebensqualit\u00e4t beitragen kann.<\/p>\n<p>[\/et_pb_text][\/et_pb_column][\/et_pb_row][\/et_pb_section][et_pb_section fb_built=&#8220;1&#8243; _builder_version=&#8220;4.27.4&#8243; _module_preset=&#8220;default&#8220; global_colors_info=&#8220;{}&#8220;][et_pb_row column_structure=&#8220;1_2,1_2&#8243; module_id=&#8220;PunktuelleAkupressur&#8220; _builder_version=&#8220;4.27.4&#8243; _module_preset=&#8220;default&#8220; global_colors_info=&#8220;{}&#8220;][et_pb_column type=&#8220;1_2&#8243; _builder_version=&#8220;4.27.4&#8243; _module_preset=&#8220;default&#8220; global_colors_info=&#8220;{}&#8220;][et_pb_text _builder_version=&#8220;4.27.4&#8243; _module_preset=&#8220;default&#8220; global_colors_info=&#8220;{}&#8220;]<\/p>\n<h2>Punktuelle Akupressur Massage<\/h2>\n<p>[\/et_pb_text][et_pb_text _builder_version=&#8220;4.27.4&#8243; _module_preset=&#8220;default&#8220; custom_margin=&#8220;-18px|||||&#8220; global_colors_info=&#8220;{}&#8220;]<\/p>\n<p data-start=\"107\" data-end=\"406\">Die punktuelle Akupressur Massage basiert auf der traditionellen chinesischen Medizin und zielt darauf ab, den Energiefluss im K\u00f6rper zu harmonisieren. Durch gezielten Druck auf bestimmte Akupressurpunkte werden Blockaden gel\u00f6st, Verspannungen gelockert und das Wohlbefinden nachhaltig gesteigert.<\/p>\n<p><span style=\"font-size: 18px;\">Im Gegensatz zu einer klassischen Massage konzentriert sich die Akupressur auf spezifische Punkte entlang der Meridiane \u2013 den Energiebahnen des K\u00f6rpers. Mit sanftem, aber wirkungsvollem Druck der Finger, Handballen oder Daumen wird das vegetative Nervensystem stimuliert, die Durchblutung verbessert und die Selbstheilungskr\u00e4fte aktiviert.<\/span><\/p>\n<p data-start=\"408\" data-end=\"749\">Diese Behandlung eignet sich besonders bei Kopfschmerzen, Nacken- und R\u00fcckenschmerzen, Stress, Schlafst\u00f6rungen oder allgemeiner Ersch\u00f6pfung. Die punktuelle Akupressur Massage bringt K\u00f6rper und Geist wieder ins Gleichgewicht und sorgt f\u00fcr tiefe Entspannung.<\/p>\n<p>[\/et_pb_text][\/et_pb_column][et_pb_column type=&#8220;1_2&#8243; _builder_version=&#8220;4.27.4&#8243; _module_preset=&#8220;default&#8220; global_colors_info=&#8220;{}&#8220;][et_pb_image src=&#8220;https:\/\/siri-thaimassage-buchholz.de\/wp-content\/uploads\/2025\/09\/top-view-patient-erhalt-eine-cbd-behandlung.jpg&#8220; title_text=&#8220;top-view-patient-erhalt-eine-cbd-behandlung&#8220; _builder_version=&#8220;4.27.4&#8243; _module_preset=&#8220;default&#8220; global_colors_info=&#8220;{}&#8220;][\/et_pb_image][\/et_pb_column][\/et_pb_row][\/et_pb_section][et_pb_section fb_built=&#8220;1&#8243; _builder_version=&#8220;4.27.4&#8243; _module_preset=&#8220;default&#8220; background_image=&#8220;https:\/\/siri-thaimassage-buchholz.de\/wp-content\/uploads\/2025\/08\/siri-hintergrund-scaled.jpg&#8220; custom_padding=&#8220;||55px|||&#8220; global_colors_info=&#8220;{}&#8220;][et_pb_row _builder_version=&#8220;4.27.4&#8243; _module_preset=&#8220;default&#8220; global_colors_info=&#8220;{}&#8220;][et_pb_column type=&#8220;4_4&#8243; _builder_version=&#8220;4.27.4&#8243; _module_preset=&#8220;default&#8220; global_colors_info=&#8220;{}&#8220;][et_pb_text _builder_version=&#8220;4.27.4&#8243; _module_preset=&#8220;default&#8220; global_colors_info=&#8220;{}&#8220;][\/et_pb_text][\/et_pb_column][\/et_pb_row][et_pb_row _builder_version=&#8220;4.27.4&#8243; _module_preset=&#8220;default&#8220; custom_padding=&#8220;0px|||||&#8220; global_colors_info=&#8220;{}&#8220;][et_pb_column type=&#8220;4_4&#8243; _builder_version=&#8220;4.27.4&#8243; _module_preset=&#8220;default&#8220; global_colors_info=&#8220;{}&#8220;][et_pb_text _builder_version=&#8220;4.27.4&#8243; _module_preset=&#8220;default&#8220; header_font=&#8220;Lato|700|||||||&#8220; header_text_color=&#8220;#006633&#8243; header_font_size=&#8220;40px&#8220; header_line_height=&#8220;1.2em&#8220; header_text_shadow_style=&#8220;preset4&#8243; global_colors_info=&#8220;{}&#8220;]<\/p>\n<h1><span style=\"color: #ffffff;\">Weitere Informationen zu meinem Angebot<\/span><\/h1>\n<p>[\/et_pb_text][et_pb_button button_url=&#8220;https:\/\/siri-thaimassage-buchholz.de\/wp-content\/uploads\/2025\/09\/Siri-Flyer.pdf&#8220; url_new_window=&#8220;on&#8220; button_text=&#8220;Flyer download&#8220; _builder_version=&#8220;4.27.4&#8243; _module_preset=&#8220;default&#8220; custom_button=&#8220;on&#8220; button_text_color=&#8220;#FFFFFF&#8220; global_colors_info=&#8220;{}&#8220;][\/et_pb_button][\/et_pb_column][\/et_pb_row][\/et_pb_section]<\/p>\n","protected":false},"excerpt":{"rendered":"<p>Die Massage kommt nicht nur von der Hand, sondern auch vom Herzen.Die Behandlug de K\u00f6rpers mit Massagen ist eine alte Tradition, die bis heute weiterlebt. Studien belegen, dass Massage eine wirksame Behandlung von Schmerzen, sogar zur Entspannung ist. Die thai-Massage ist eine Kombination aus Yoga, Dehnung und Akupressur und arbeitet mit den Energielinien des K\u00f6rpers. [&hellip;]<\/p>\n","protected":false},"author":1,"featured_media":0,"parent":0,"menu_order":0,"comment_status":"closed","ping_status":"closed","template":"","meta":{"_et_pb_use_builder":"on","_et_pb_old_content":"","_et_gb_content_width":"","footnotes":""},"class_list":["post-8","page","type-page","status-publish","hentry"],"_links":{"self":[{"href":"https:\/\/siri-thaimassage-buchholz.de\/index.php\/wp-json\/wp\/v2\/pages\/8","targetHints":{"allow":["GET"]}}],"collection":[{"href":"https:\/\/siri-thaimassage-buchholz.de\/index.php\/wp-json\/wp\/v2\/pages"}],"about":[{"href":"https:\/\/siri-thaimassage-buchholz.de\/index.php\/wp-json\/wp\/v2\/types\/page"}],"author":[{"embeddable":true,"href":"https:\/\/siri-thaimassage-buchholz.de\/index.php\/wp-json\/wp\/v2\/users\/1"}],"replies":[{"embeddable":true,"href":"https:\/\/siri-thaimassage-buchholz.de\/index.php\/wp-json\/wp\/v2\/comments?post=8"}],"version-history":[{"count":19,"href":"https:\/\/siri-thaimassage-buchholz.de\/index.php\/wp-json\/wp\/v2\/pages\/8\/revisions"}],"predecessor-version":[{"id":213,"href":"https:\/\/siri-thaimassage-buchholz.de\/index.php\/wp-json\/wp\/v2\/pages\/8\/revisions\/213"}],"wp:attachment":[{"href":"https:\/\/siri-thaimassage-buchholz.de\/index.php\/wp-json\/wp\/v2\/media?parent=8"}],"curies":[{"name":"wp","href":"https:\/\/api.w.org\/{rel}","templated":true}]}}